{"id":754,"date":"2024-08-20T16:00:53","date_gmt":"2024-08-20T14:00:53","guid":{"rendered":"https:\/\/compagnie-zebre-bleu.fr\/?page_id=754"},"modified":"2025-12-30T14:08:56","modified_gmt":"2025-12-30T13:08:56","slug":"754-2","status":"publish","type":"page","link":"https:\/\/compagnie-zebre-bleu.fr\/index.php\/754-2\/","title":{"rendered":"Adieu Monsieur Haffmann"},"content":{"rendered":"\t\t<div data-elementor-type=\"wp-page\" data-elementor-id=\"754\" class=\"elementor elementor-754\">\n\t\t\t\t\t\t<section class=\"elementor-section elementor-top-section elementor-element elementor-element-1564267d elementor-section-boxed elementor-section-height-default elementor-section-height-default\" data-id=\"1564267d\" data-element_type=\"section\" data-e-type=\"section\">\n\t\t\t\t\t\t<div class=\"elementor-container elementor-column-gap-default\">\n\t\t\t\t\t<div class=\"elementor-column elementor-col-100 elementor-top-column elementor-element elementor-element-3e27541d\" data-id=\"3e27541d\" data-element_type=\"column\" data-e-type=\"column\">\n\t\t\t<div class=\"elementor-widget-wrap elementor-element-populated\">\n\t\t\t\t\t\t<div class=\"elementor-element elementor-element-34893c44 elementor-widget elementor-widget-text-editor\" data-id=\"34893c44\" data-element_type=\"widget\" data-e-type=\"widget\" data-widget_type=\"text-editor.default\">\n\t\t\t\t<div class=\"elementor-widget-container\">\n\t\t\t\t\t\t\t\t\t<p><\/p>\n<h2 class=\"wp-block-heading\"><strong>Adieu Monsieur Haffmann de Jean Philippe Daguerre, mis en sc\u00e8ne par Agn\u00e8s Yobregat<\/strong><\/h2>\n<p><\/p>\n<p>Paris 1942. Alors que les Nazis ont envahi Paris, Joseph Haffmann, bijoutier juif, demande \u00e0 son employ\u00e9, Pierre, de le cacher. Mais \u00e0 son tour, Pierre lui propose un \u00e9trange march\u00e9 !&nbsp;<span style=\"font-size: 16px;\">Une pi\u00e8ce magnifiquement \u00e9crite qui a re\u00e7u en 2018 le Moli\u00e8re du meilleur auteur francophone vivant.&nbsp;<\/span><span style=\"font-size: 16px;\">Une histoire intime, percutante, dans un contexte historique anxiog\u00e8ne. Suspense, tension, d\u00e9licatesse. Une parole puissante qui r\u00e9sonne fortement aujourd&rsquo;hui.<\/span><\/p>\n<p><\/p>\t\t\t\t\t\t\t\t<\/div>\n\t\t\t\t<\/div>\n\t\t\t\t<div class=\"elementor-element elementor-element-2d348c4 elementor-widget elementor-widget-video\" data-id=\"2d348c4\" data-element_type=\"widget\" data-e-type=\"widget\" data-settings=\"{&quot;youtube_url&quot;:&quot;https:\\\/\\\/youtu.be\\\/phmLBWPu6cs&quot;,&quot;video_type&quot;:&quot;youtube&quot;,&quot;controls&quot;:&quot;yes&quot;}\" data-widget_type=\"video.default\">\n\t\t\t\t<div class=\"elementor-widget-container\">\n\t\t\t\t\t\t\t<div class=\"elementor-wrapper elementor-open-inline\">\n\t\t\t<div class=\"elementor-video\"><\/div>\t\t<\/div>\n\t\t\t\t\t\t<\/div>\n\t\t\t\t<\/div>\n\t\t\t\t\t<\/div>\n\t\t<\/div>\n\t\t\t\t\t<\/div>\n\t\t<\/section>\n\t\t\t\t<section class=\"elementor-section elementor-top-section elementor-element elementor-element-1d785bc elementor-section-boxed elementor-section-height-default elementor-section-height-default\" data-id=\"1d785bc\" data-element_type=\"section\" data-e-type=\"section\">\n\t\t\t\t\t\t<div class=\"elementor-container elementor-column-gap-default\">\n\t\t\t\t\t<div class=\"elementor-column elementor-col-50 elementor-top-column elementor-element elementor-element-d918fbc\" data-id=\"d918fbc\" data-element_type=\"column\" data-e-type=\"column\">\n\t\t\t<div class=\"elementor-widget-wrap elementor-element-populated\">\n\t\t\t\t\t\t<div class=\"elementor-element elementor-element-a65e319 elementor-widget elementor-widget-image\" data-id=\"a65e319\" data-element_type=\"widget\" data-e-type=\"widget\" data-widget_type=\"image.default\">\n\t\t\t\t<div class=\"elementor-widget-container\">\n\t\t\t\t\t\t\t\t\t\t\t\t\t\t\t<img fetchpriority=\"high\" decoding=\"async\" width=\"678\" height=\"423\" src=\"https:\/\/compagnie-zebre-bleu.fr\/wp-content\/uploads\/2025\/12\/palais-7-1024x639.jpeg\" class=\"attachment-large size-large wp-image-962\" alt=\"\" srcset=\"https:\/\/compagnie-zebre-bleu.fr\/wp-content\/uploads\/2025\/12\/palais-7-1024x639.jpeg 1024w, https:\/\/compagnie-zebre-bleu.fr\/wp-content\/uploads\/2025\/12\/palais-7-300x187.jpeg 300w, https:\/\/compagnie-zebre-bleu.fr\/wp-content\/uploads\/2025\/12\/palais-7-768x480.jpeg 768w, https:\/\/compagnie-zebre-bleu.fr\/wp-content\/uploads\/2025\/12\/palais-7-1536x959.jpeg 1536w, https:\/\/compagnie-zebre-bleu.fr\/wp-content\/uploads\/2025\/12\/palais-7.jpeg 1600w\" sizes=\"(max-width: 678px) 100vw, 678px\" \/>\t\t\t\t\t\t\t\t\t\t\t\t\t\t\t<\/div>\n\t\t\t\t<\/div>\n\t\t\t\t<div class=\"elementor-element elementor-element-b5cde07 elementor-widget elementor-widget-image\" data-id=\"b5cde07\" data-element_type=\"widget\" data-e-type=\"widget\" data-widget_type=\"image.default\">\n\t\t\t\t<div class=\"elementor-widget-container\">\n\t\t\t\t\t\t\t\t\t\t\t\t\t\t\t<img decoding=\"async\" width=\"678\" height=\"509\" src=\"https:\/\/compagnie-zebre-bleu.fr\/wp-content\/uploads\/2024\/08\/IMG_2392-1024x768.jpg\" class=\"attachment-large size-large wp-image-781\" alt=\"\" srcset=\"https:\/\/compagnie-zebre-bleu.fr\/wp-content\/uploads\/2024\/08\/IMG_2392-1024x768.jpg 1024w, https:\/\/compagnie-zebre-bleu.fr\/wp-content\/uploads\/2024\/08\/IMG_2392-300x225.jpg 300w, https:\/\/compagnie-zebre-bleu.fr\/wp-content\/uploads\/2024\/08\/IMG_2392-768x576.jpg 768w, https:\/\/compagnie-zebre-bleu.fr\/wp-content\/uploads\/2024\/08\/IMG_2392-1536x1152.jpg 1536w, https:\/\/compagnie-zebre-bleu.fr\/wp-content\/uploads\/2024\/08\/IMG_2392-2048x1536.jpg 2048w\" sizes=\"(max-width: 678px) 100vw, 678px\" \/>\t\t\t\t\t\t\t\t\t\t\t\t\t\t\t<\/div>\n\t\t\t\t<\/div>\n\t\t\t\t<div class=\"elementor-element elementor-element-84105ec elementor-widget elementor-widget-image\" data-id=\"84105ec\" data-element_type=\"widget\" data-e-type=\"widget\" data-widget_type=\"image.default\">\n\t\t\t\t<div class=\"elementor-widget-container\">\n\t\t\t\t\t\t\t\t\t\t\t\t\t\t\t<img decoding=\"async\" width=\"678\" height=\"509\" src=\"https:\/\/compagnie-zebre-bleu.fr\/wp-content\/uploads\/2025\/12\/palais-12-1024x768.jpeg\" class=\"attachment-large size-large wp-image-968\" alt=\"\" srcset=\"https:\/\/compagnie-zebre-bleu.fr\/wp-content\/uploads\/2025\/12\/palais-12-1024x768.jpeg 1024w, https:\/\/compagnie-zebre-bleu.fr\/wp-content\/uploads\/2025\/12\/palais-12-300x225.jpeg 300w, https:\/\/compagnie-zebre-bleu.fr\/wp-content\/uploads\/2025\/12\/palais-12-768x576.jpeg 768w, https:\/\/compagnie-zebre-bleu.fr\/wp-content\/uploads\/2025\/12\/palais-12-1536x1152.jpeg 1536w, https:\/\/compagnie-zebre-bleu.fr\/wp-content\/uploads\/2025\/12\/palais-12.jpeg 1600w\" sizes=\"(max-width: 678px) 100vw, 678px\" \/>\t\t\t\t\t\t\t\t\t\t\t\t\t\t\t<\/div>\n\t\t\t\t<\/div>\n\t\t\t\t\t<\/div>\n\t\t<\/div>\n\t\t\t\t<div class=\"elementor-column elementor-col-50 elementor-top-column elementor-element elementor-element-f0f3f8d\" data-id=\"f0f3f8d\" data-element_type=\"column\" data-e-type=\"column\">\n\t\t\t<div class=\"elementor-widget-wrap elementor-element-populated\">\n\t\t\t\t\t\t<div class=\"elementor-element elementor-element-e931cc0 elementor-widget elementor-widget-image\" data-id=\"e931cc0\" data-element_type=\"widget\" data-e-type=\"widget\" data-widget_type=\"image.default\">\n\t\t\t\t<div class=\"elementor-widget-container\">\n\t\t\t\t\t\t\t\t\t\t\t\t\t\t\t<img loading=\"lazy\" decoding=\"async\" width=\"678\" height=\"958\" src=\"https:\/\/compagnie-zebre-bleu.fr\/wp-content\/uploads\/2024\/09\/affiche-Adieu-Monsieur-HAFFMANN_page-0001-725x1024.jpg\" class=\"attachment-large size-large wp-image-864\" alt=\"\" srcset=\"https:\/\/compagnie-zebre-bleu.fr\/wp-content\/uploads\/2024\/09\/affiche-Adieu-Monsieur-HAFFMANN_page-0001-725x1024.jpg 725w, https:\/\/compagnie-zebre-bleu.fr\/wp-content\/uploads\/2024\/09\/affiche-Adieu-Monsieur-HAFFMANN_page-0001-212x300.jpg 212w, https:\/\/compagnie-zebre-bleu.fr\/wp-content\/uploads\/2024\/09\/affiche-Adieu-Monsieur-HAFFMANN_page-0001-768x1085.jpg 768w, https:\/\/compagnie-zebre-bleu.fr\/wp-content\/uploads\/2024\/09\/affiche-Adieu-Monsieur-HAFFMANN_page-0001-1087x1536.jpg 1087w, https:\/\/compagnie-zebre-bleu.fr\/wp-content\/uploads\/2024\/09\/affiche-Adieu-Monsieur-HAFFMANN_page-0001-1449x2048.jpg 1449w, https:\/\/compagnie-zebre-bleu.fr\/wp-content\/uploads\/2024\/09\/affiche-Adieu-Monsieur-HAFFMANN_page-0001.jpg 1755w\" sizes=\"(max-width: 678px) 100vw, 678px\" \/>\t\t\t\t\t\t\t\t\t\t\t\t\t\t\t<\/div>\n\t\t\t\t<\/div>\n\t\t\t\t\t<\/div>\n\t\t<\/div>\n\t\t\t\t\t<\/div>\n\t\t<\/section>\n\t\t\t\t<\/div>\n\t\t","protected":false},"excerpt":{"rendered":"<p>Adieu Monsieur Haffmann de Jean Philippe Daguerre, mis en sc\u00e8ne par Agn\u00e8s Yobregat Paris 1942. Alors que les Nazis ont envahi Paris, Joseph Haffmann, bijoutier juif, demande \u00e0 son employ\u00e9, <a class=\"more-link\" href=\"https:\/\/compagnie-zebre-bleu.fr\/index.php\/754-2\/\">Continue Reading &rarr;<\/a><\/p>\n","protected":false},"author":1,"featured_media":0,"parent":0,"menu_order":0,"comment_status":"closed","ping_status":"closed","template":"","meta":{"footnotes":""},"class_list":["post-754","page","type-page","status-publish","hentry"],"_links":{"self":[{"href":"https:\/\/compagnie-zebre-bleu.fr\/index.php\/wp-json\/wp\/v2\/pages\/754","targetHints":{"allow":["GET"]}}],"collection":[{"href":"https:\/\/compagnie-zebre-bleu.fr\/index.php\/wp-json\/wp\/v2\/pages"}],"about":[{"href":"https:\/\/compagnie-zebre-bleu.fr\/index.php\/wp-json\/wp\/v2\/types\/page"}],"author":[{"embeddable":true,"href":"https:\/\/compagnie-zebre-bleu.fr\/index.php\/wp-json\/wp\/v2\/users\/1"}],"replies":[{"embeddable":true,"href":"https:\/\/compagnie-zebre-bleu.fr\/index.php\/wp-json\/wp\/v2\/comments?post=754"}],"version-history":[{"count":24,"href":"https:\/\/compagnie-zebre-bleu.fr\/index.php\/wp-json\/wp\/v2\/pages\/754\/revisions"}],"predecessor-version":[{"id":985,"href":"https:\/\/compagnie-zebre-bleu.fr\/index.php\/wp-json\/wp\/v2\/pages\/754\/revisions\/985"}],"wp:attachment":[{"href":"https:\/\/compagnie-zebre-bleu.fr\/index.php\/wp-json\/wp\/v2\/media?parent=754"}],"curies":[{"name":"wp","href":"https:\/\/api.w.org\/{rel}","templated":true}]}}