{"id":642,"date":"2024-02-10T11:15:56","date_gmt":"2024-02-10T10:15:56","guid":{"rendered":"https:\/\/compagnie-zebre-bleu.fr\/?page_id=642"},"modified":"2026-01-09T16:06:39","modified_gmt":"2026-01-09T15:06:39","slug":"les-spectacles","status":"publish","type":"page","link":"https:\/\/compagnie-zebre-bleu.fr\/index.php\/les-spectacles\/","title":{"rendered":"Les spectacles"},"content":{"rendered":"\t\t<div data-elementor-type=\"wp-page\" data-elementor-id=\"642\" class=\"elementor elementor-642\">\n\t\t\t\t\t\t<section class=\"elementor-section elementor-top-section elementor-element elementor-element-4e9ff3f elementor-section-boxed elementor-section-height-default elementor-section-height-default\" data-id=\"4e9ff3f\" data-element_type=\"section\" data-e-type=\"section\">\n\t\t\t\t\t\t<div class=\"elementor-container elementor-column-gap-default\">\n\t\t\t\t\t<div class=\"elementor-column elementor-col-100 elementor-top-column elementor-element elementor-element-8d16604\" data-id=\"8d16604\" data-element_type=\"column\" data-e-type=\"column\">\n\t\t\t<div class=\"elementor-widget-wrap\">\n\t\t\t\t\t\t\t<\/div>\n\t\t<\/div>\n\t\t\t\t\t<\/div>\n\t\t<\/section>\n\t\t\t\t<section class=\"elementor-section elementor-top-section elementor-element elementor-element-7cb27a8 elementor-section-boxed elementor-section-height-default elementor-section-height-default\" data-id=\"7cb27a8\" data-element_type=\"section\" data-e-type=\"section\">\n\t\t\t\t\t\t<div class=\"elementor-container elementor-column-gap-default\">\n\t\t\t\t\t<div class=\"elementor-column elementor-col-100 elementor-top-column elementor-element elementor-element-6c7fc14\" data-id=\"6c7fc14\" data-element_type=\"column\" data-e-type=\"column\">\n\t\t\t<div class=\"elementor-widget-wrap elementor-element-populated\">\n\t\t\t\t\t\t<div class=\"elementor-element elementor-element-dc8e1cf elementor-widget elementor-widget-heading\" data-id=\"dc8e1cf\" data-element_type=\"widget\" data-e-type=\"widget\" data-widget_type=\"heading.default\">\n\t\t\t\t<div class=\"elementor-widget-container\">\n\t\t\t\t\t<h2 class=\"elementor-heading-title elementor-size-default\">Spectacles cont\u00e9s <\/h2>\t\t\t\t<\/div>\n\t\t\t\t<\/div>\n\t\t\t\t\t<\/div>\n\t\t<\/div>\n\t\t\t\t\t<\/div>\n\t\t<\/section>\n\t\t\t\t<section class=\"elementor-section elementor-top-section elementor-element elementor-element-b0be6b4 elementor-section-boxed elementor-section-height-default elementor-section-height-default\" data-id=\"b0be6b4\" data-element_type=\"section\" data-e-type=\"section\">\n\t\t\t\t\t\t<div class=\"elementor-container elementor-column-gap-default\">\n\t\t\t\t\t<div class=\"elementor-column elementor-col-100 elementor-top-column elementor-element elementor-element-93c15df\" data-id=\"93c15df\" data-element_type=\"column\" data-e-type=\"column\">\n\t\t\t<div class=\"elementor-widget-wrap elementor-element-populated\">\n\t\t\t\t\t\t<div class=\"elementor-element elementor-element-2a3b4a9 elementor-widget elementor-widget-text-editor\" data-id=\"2a3b4a9\" data-element_type=\"widget\" data-e-type=\"widget\" data-widget_type=\"text-editor.default\">\n\t\t\t\t<div class=\"elementor-widget-container\">\n\t\t\t\t\t\t\t\t\t<p>D\u00e8s&rsquo; amours foudres, adaptation d&rsquo;un conte d&rsquo;Henri Gougaud<\/p>\n<p>Sous la peau de Broddgolt\u00fcr, adapt\u00e9 d&rsquo;un conte de Grimm<\/p>\n<p>L&rsquo;enfant de l&rsquo;\u00e9toile, adapt\u00e9 du roman d&rsquo;Oscar Wilde<\/p>\n<p>Balades cont\u00e9es<\/p><p>D&rsquo;Adour et de myst\u00e8re &#8211; contes traditionnels<\/p>\t\t\t\t\t\t\t\t<\/div>\n\t\t\t\t<\/div>\n\t\t\t\t<div class=\"elementor-element elementor-element-418cead elementor-widget elementor-widget-heading\" data-id=\"418cead\" data-element_type=\"widget\" data-e-type=\"widget\" data-widget_type=\"heading.default\">\n\t\t\t\t<div class=\"elementor-widget-container\">\n\t\t\t\t\t<h2 class=\"elementor-heading-title elementor-size-default\">Spectacle th\u00e9\u00e2tral<\/h2>\t\t\t\t<\/div>\n\t\t\t\t<\/div>\n\t\t\t\t\t<\/div>\n\t\t<\/div>\n\t\t\t\t\t<\/div>\n\t\t<\/section>\n\t\t\t\t<section class=\"elementor-section elementor-top-section elementor-element elementor-element-7ca7223 elementor-section-boxed elementor-section-height-default elementor-section-height-default\" data-id=\"7ca7223\" data-element_type=\"section\" data-e-type=\"section\">\n\t\t\t\t\t\t<div class=\"elementor-container elementor-column-gap-default\">\n\t\t\t\t\t<div class=\"elementor-column elementor-col-100 elementor-top-column elementor-element elementor-element-fc298f8\" data-id=\"fc298f8\" data-element_type=\"column\" data-e-type=\"column\">\n\t\t\t<div class=\"elementor-widget-wrap elementor-element-populated\">\n\t\t\t\t\t\t<div class=\"elementor-element elementor-element-588117a elementor-widget elementor-widget-text-editor\" data-id=\"588117a\" data-element_type=\"widget\" data-e-type=\"widget\" data-widget_type=\"text-editor.default\">\n\t\t\t\t<div class=\"elementor-widget-container\">\n\t\t\t\t\t\t\t\t\t<p>Adieu Monsieur Haffmann de J.P Daguerre<\/p>\t\t\t\t\t\t\t\t<\/div>\n\t\t\t\t<\/div>\n\t\t\t\t\t<\/div>\n\t\t<\/div>\n\t\t\t\t\t<\/div>\n\t\t<\/section>\n\t\t\t\t<\/div>\n\t\t","protected":false},"excerpt":{"rendered":"<p>Spectacles cont\u00e9s D\u00e8s&rsquo; amours foudres, adaptation d&rsquo;un conte d&rsquo;Henri Gougaud Sous la peau de Broddgolt\u00fcr, adapt\u00e9 d&rsquo;un conte de Grimm L&rsquo;enfant de l&rsquo;\u00e9toile, adapt\u00e9 du roman d&rsquo;Oscar Wilde Balades cont\u00e9es <a class=\"more-link\" href=\"https:\/\/compagnie-zebre-bleu.fr\/index.php\/les-spectacles\/\">Continue Reading &rarr;<\/a><\/p>\n","protected":false},"author":2,"featured_media":0,"parent":0,"menu_order":0,"comment_status":"closed","ping_status":"closed","template":"","meta":{"footnotes":""},"class_list":["post-642","page","type-page","status-publish","hentry"],"_links":{"self":[{"href":"https:\/\/compagnie-zebre-bleu.fr\/index.php\/wp-json\/wp\/v2\/pages\/642","targetHints":{"allow":["GET"]}}],"collection":[{"href":"https:\/\/compagnie-zebre-bleu.fr\/index.php\/wp-json\/wp\/v2\/pages"}],"about":[{"href":"https:\/\/compagnie-zebre-bleu.fr\/index.php\/wp-json\/wp\/v2\/types\/page"}],"author":[{"embeddable":true,"href":"https:\/\/compagnie-zebre-bleu.fr\/index.php\/wp-json\/wp\/v2\/users\/2"}],"replies":[{"embeddable":true,"href":"https:\/\/compagnie-zebre-bleu.fr\/index.php\/wp-json\/wp\/v2\/comments?post=642"}],"version-history":[{"count":13,"href":"https:\/\/compagnie-zebre-bleu.fr\/index.php\/wp-json\/wp\/v2\/pages\/642\/revisions"}],"predecessor-version":[{"id":1040,"href":"https:\/\/compagnie-zebre-bleu.fr\/index.php\/wp-json\/wp\/v2\/pages\/642\/revisions\/1040"}],"wp:attachment":[{"href":"https:\/\/compagnie-zebre-bleu.fr\/index.php\/wp-json\/wp\/v2\/media?parent=642"}],"curies":[{"name":"wp","href":"https:\/\/api.w.org\/{rel}","templated":true}]}}