{"id":627,"date":"2024-02-10T11:05:17","date_gmt":"2024-02-10T10:05:17","guid":{"rendered":"https:\/\/compagnie-zebre-bleu.fr\/?page_id=627"},"modified":"2026-01-09T15:15:11","modified_gmt":"2026-01-09T14:15:11","slug":"des-amours-foudres","status":"publish","type":"page","link":"https:\/\/compagnie-zebre-bleu.fr\/index.php\/des-amours-foudres\/","title":{"rendered":"Des Amours Foudres"},"content":{"rendered":"\t\t<div data-elementor-type=\"wp-page\" data-elementor-id=\"627\" class=\"elementor elementor-627\">\n\t\t\t\t\t\t<section class=\"elementor-section elementor-top-section elementor-element elementor-element-891cf61 elementor-section-boxed elementor-section-height-default elementor-section-height-default\" data-id=\"891cf61\" data-element_type=\"section\" data-e-type=\"section\">\n\t\t\t\t\t\t<div class=\"elementor-container elementor-column-gap-default\">\n\t\t\t\t\t<div class=\"elementor-column elementor-col-100 elementor-top-column elementor-element elementor-element-2cc4317\" data-id=\"2cc4317\" data-element_type=\"column\" data-e-type=\"column\">\n\t\t\t<div class=\"elementor-widget-wrap elementor-element-populated\">\n\t\t\t\t\t\t<div class=\"elementor-element elementor-element-5f8f8bc elementor-widget elementor-widget-text-editor\" data-id=\"5f8f8bc\" data-element_type=\"widget\" data-e-type=\"widget\" data-widget_type=\"text-editor.default\">\n\t\t\t\t<div class=\"elementor-widget-container\">\n\t\t\t\t\t\t\t\t\t<p>Dur\u00e9e 50 minutes,<\/p><p>Adulte ou famille \u00e0 partir de 12 ans,<\/p><p>1 th\u00e8me : l\u2019Amour !<\/p><p>Le premier est une r\u00e9\u00e9criture issue d\u2019un conte \u00e9crit par Henri Gougaud, \u00ab\u00a0La femme qui ne voulait pas parler\u00a0\u00bb sombre, puissant, myst\u00e9rieux, il se d\u00e9roule au moyen \u00e2ge, et laisse le public en haleine ! Nous \u00e9prouvons un grand plaisir \u00e0 le partager !<\/p><p>Le second vient d\u2019une transmission orale au festival contes international \u00ab paroles de conteurs \u00bb \u00e0 Vassivi\u00e8re, dans la Creuse, o\u00f9 nous nous rendons tous les ans ! L\u00e9ger , plus connu des initi\u00e9s, la balade personnifi\u00e9e des sentiments et caract\u00e8res humains trouve une issue surprenante et proverbiale !<\/p><p>La jeune compagnie du z\u00e8bre bleu, bas\u00e9e au Boucau (64), marie pour son premier spectacle \u00abD\u00e9s-amours foudres\u00bb, le conte et la chanson traditionnels. Issus du patrimoine immat\u00e9riel de l\u2019humanit\u00e9 ces deux chemins de l\u2019oralit\u00e9 se conjuguent pour transporter un public adulte dans un imaginaire puissant.<\/p><p>Le spectacle d\u00e9s-amours foudres m\u00e8ne le spectateur dans un univers moyen\u00e2geux peint de suspens et d\u2019amours myst\u00e9rieux \u2026<\/p><p>Cathy Boulanger, conteuse, et Jean Louis Dubroca , chanteur, sont deux com\u00e9diens qui se sont rencontr\u00e9s sur les tr\u00e9teaux de th\u00e9\u00e2tre il y a quelques ann\u00e9es d\u00e9j\u00e0.<\/p><p>Nous pr\u00e9sentons ce tout nouveau spectacle depuis d\u00e9cembre 2022<\/p><p>A deux reprises \u00e0 la beno\u00eeterie d\u2019Arbonne ( 64) d\u00e9cembre 2022<\/p><p>Pour les nuits de la lecture, biblioth\u00e8que d\u2019Urcuit ( 64) janvier 2023<\/p>\t\t\t\t\t\t\t\t<\/div>\n\t\t\t\t<\/div>\n\t\t\t\t\t<\/div>\n\t\t<\/div>\n\t\t\t\t\t<\/div>\n\t\t<\/section>\n\t\t\t\t<\/div>\n\t\t","protected":false},"excerpt":{"rendered":"<p>Dur\u00e9e 50 minutes, Adulte ou famille \u00e0 partir de 12 ans, 1 th\u00e8me : l\u2019Amour ! Le premier est une r\u00e9\u00e9criture issue d\u2019un conte \u00e9crit par Henri Gougaud, \u00ab\u00a0La femme <a class=\"more-link\" href=\"https:\/\/compagnie-zebre-bleu.fr\/index.php\/des-amours-foudres\/\">Continue Reading &rarr;<\/a><\/p>\n","protected":false},"author":2,"featured_media":0,"parent":0,"menu_order":0,"comment_status":"closed","ping_status":"closed","template":"","meta":{"footnotes":""},"class_list":["post-627","page","type-page","status-publish","hentry"],"_links":{"self":[{"href":"https:\/\/compagnie-zebre-bleu.fr\/index.php\/wp-json\/wp\/v2\/pages\/627","targetHints":{"allow":["GET"]}}],"collection":[{"href":"https:\/\/compagnie-zebre-bleu.fr\/index.php\/wp-json\/wp\/v2\/pages"}],"about":[{"href":"https:\/\/compagnie-zebre-bleu.fr\/index.php\/wp-json\/wp\/v2\/types\/page"}],"author":[{"embeddable":true,"href":"https:\/\/compagnie-zebre-bleu.fr\/index.php\/wp-json\/wp\/v2\/users\/2"}],"replies":[{"embeddable":true,"href":"https:\/\/compagnie-zebre-bleu.fr\/index.php\/wp-json\/wp\/v2\/comments?post=627"}],"version-history":[{"count":4,"href":"https:\/\/compagnie-zebre-bleu.fr\/index.php\/wp-json\/wp\/v2\/pages\/627\/revisions"}],"predecessor-version":[{"id":631,"href":"https:\/\/compagnie-zebre-bleu.fr\/index.php\/wp-json\/wp\/v2\/pages\/627\/revisions\/631"}],"wp:attachment":[{"href":"https:\/\/compagnie-zebre-bleu.fr\/index.php\/wp-json\/wp\/v2\/media?parent=627"}],"curies":[{"name":"wp","href":"https:\/\/api.w.org\/{rel}","templated":true}]}}