{"id":566,"date":"2024-02-04T17:54:05","date_gmt":"2024-02-04T16:54:05","guid":{"rendered":"https:\/\/compagnie-zebre-bleu.fr\/?page_id=566"},"modified":"2024-09-02T15:46:46","modified_gmt":"2024-09-02T13:46:46","slug":"derniere-creation-sous-la-peau-de-broddgoltur","status":"publish","type":"page","link":"https:\/\/compagnie-zebre-bleu.fr\/index.php\/derniere-creation-sous-la-peau-de-broddgoltur\/","title":{"rendered":"\u00ab\u00a0Sous la peau de Broddgolt\u00fcr\u00a0\u00bb"},"content":{"rendered":"\n<p><strong>Cr\u00e9ation originale &#8211; Spectacle cont\u00e9<\/strong><\/p>\n\n\n\n<p>Cr\u00e9ation originale \u00e0 partir d&rsquo;un conte merveilleux des fr\u00e8res Grimm, ce spectacle est une premi\u00e8re. Il s&rsquo;adresse aux adultes, accompagn\u00e9s ou non, par les enfants en \u00e2ge de comprendre.<\/p>\n\n\n\n<p>Naissance, enfance et destin\u00e9e d&rsquo;un \u00eatre extraordinaire, envol\u00e9e \u00e0 travers l&rsquo;imaginaire dans un temps rude au confins de plusieurs royaumes, sur des terres balay\u00e9es par le vent d&rsquo;Arctique.<\/p>\n\n\n\n<p>Ce spectacle cont\u00e9 et soulign\u00e9 de chants traditionnels \u00e0 cappella, transporte l&rsquo;auditoire dans le merveilleux avec toute sa force symbolique et sa cruaut\u00e9.<\/p>\n\n\n\n<p>Si le th\u00e8me sous jacent est celui de la diff\u00e9rence, il s&rsquo;agit aussi de maternit\u00e9 et de transformation&#8230;<\/p>\n\n\n\n<p>Nous vous invitons \u00e0 partager cette heure d&rsquo;aventure, \u00e0 renouer avec ce patrimoine immat\u00e9riel de l&rsquo;humanit\u00e9, si fantaisiste et si profond.<\/p>\n\n\n\n<p>Dur\u00e9e : 50 minutes<\/p>\n\n\n\n<p>Espace : tout espace, minimum 6 M2<\/p>\n\n\n\n<p>Conditions mat\u00e9rielles : aucune<\/p>\n\n\n\n<figure class=\"wp-block-image size-large\"><img fetchpriority=\"high\" decoding=\"async\" width=\"725\" height=\"1024\" src=\"http:\/\/compagnie-zebre-bleu.fr\/wp-content\/uploads\/2024\/09\/Sous-la-peau-de-Broddgoldtur_page-0001-725x1024.jpg\" alt=\"\" class=\"wp-image-865\" srcset=\"https:\/\/compagnie-zebre-bleu.fr\/wp-content\/uploads\/2024\/09\/Sous-la-peau-de-Broddgoldtur_page-0001-725x1024.jpg 725w, https:\/\/compagnie-zebre-bleu.fr\/wp-content\/uploads\/2024\/09\/Sous-la-peau-de-Broddgoldtur_page-0001-212x300.jpg 212w, https:\/\/compagnie-zebre-bleu.fr\/wp-content\/uploads\/2024\/09\/Sous-la-peau-de-Broddgoldtur_page-0001-768x1085.jpg 768w, https:\/\/compagnie-zebre-bleu.fr\/wp-content\/uploads\/2024\/09\/Sous-la-peau-de-Broddgoldtur_page-0001-1087x1536.jpg 1087w, https:\/\/compagnie-zebre-bleu.fr\/wp-content\/uploads\/2024\/09\/Sous-la-peau-de-Broddgoldtur_page-0001-1449x2048.jpg 1449w, https:\/\/compagnie-zebre-bleu.fr\/wp-content\/uploads\/2024\/09\/Sous-la-peau-de-Broddgoldtur_page-0001.jpg 1755w\" sizes=\"(max-width: 725px) 100vw, 725px\" \/><\/figure>\n","protected":false},"excerpt":{"rendered":"<p>Cr\u00e9ation originale &#8211; Spectacle cont\u00e9 Cr\u00e9ation originale \u00e0 partir d&rsquo;un conte merveilleux des fr\u00e8res Grimm, ce spectacle est une premi\u00e8re. Il s&rsquo;adresse aux adultes, accompagn\u00e9s ou non, par les enfants <a class=\"more-link\" href=\"https:\/\/compagnie-zebre-bleu.fr\/index.php\/derniere-creation-sous-la-peau-de-broddgoltur\/\">Continue Reading &rarr;<\/a><\/p>\n","protected":false},"author":1,"featured_media":0,"parent":0,"menu_order":0,"comment_status":"closed","ping_status":"closed","template":"","meta":{"footnotes":""},"class_list":["post-566","page","type-page","status-publish","hentry"],"_links":{"self":[{"href":"https:\/\/compagnie-zebre-bleu.fr\/index.php\/wp-json\/wp\/v2\/pages\/566","targetHints":{"allow":["GET"]}}],"collection":[{"href":"https:\/\/compagnie-zebre-bleu.fr\/index.php\/wp-json\/wp\/v2\/pages"}],"about":[{"href":"https:\/\/compagnie-zebre-bleu.fr\/index.php\/wp-json\/wp\/v2\/types\/page"}],"author":[{"embeddable":true,"href":"https:\/\/compagnie-zebre-bleu.fr\/index.php\/wp-json\/wp\/v2\/users\/1"}],"replies":[{"embeddable":true,"href":"https:\/\/compagnie-zebre-bleu.fr\/index.php\/wp-json\/wp\/v2\/comments?post=566"}],"version-history":[{"count":4,"href":"https:\/\/compagnie-zebre-bleu.fr\/index.php\/wp-json\/wp\/v2\/pages\/566\/revisions"}],"predecessor-version":[{"id":869,"href":"https:\/\/compagnie-zebre-bleu.fr\/index.php\/wp-json\/wp\/v2\/pages\/566\/revisions\/869"}],"wp:attachment":[{"href":"https:\/\/compagnie-zebre-bleu.fr\/index.php\/wp-json\/wp\/v2\/media?parent=566"}],"curies":[{"name":"wp","href":"https:\/\/api.w.org\/{rel}","templated":true}]}}