{"id":381,"date":"2023-09-02T16:30:29","date_gmt":"2023-09-02T14:30:29","guid":{"rendered":"https:\/\/compagnie-zebre-bleu.fr\/?page_id=381"},"modified":"2025-12-30T12:19:35","modified_gmt":"2025-12-30T11:19:35","slug":"les-comediens","status":"publish","type":"page","link":"https:\/\/compagnie-zebre-bleu.fr\/index.php\/les-comediens\/","title":{"rendered":"Les com\u00e9diens"},"content":{"rendered":"<ul>\n<li><b>Catherine Boulanger<\/b><\/li>\n<\/ul>\n<p>Tr\u00e8s t\u00f4t attir\u00e9e par le th\u00e9\u00e2tre , d\u00e8s l\u2019\u00e2ge de 16 ans, Catherine s\u2019investit aux \u00ab Chim\u00e8res \u00bb th\u00e9\u00e2tre dirig\u00e9 alors, par J-M Broucaret , joue une premi\u00e8re pi\u00e8ce \u00ab Rixe \u00bb de Jean- Claude Grumberg\u00a0 et\u00a0 participe \u00e0 un stage professionnel marquant\u00a0 avec la com\u00e9dienne Tsilla Chelton rencontr\u00e9e au cours d\u2019une r\u00e9p\u00e9tition du r\u00f4le de la saveti\u00e8re ( La saveti\u00e8re prodigieuse, Garcia Lorca) au Boucau.<\/p>\n<p>Consacr\u00e9e aux enfants professionnellement et familialement, Catherine remet le pied \u00e0 l\u2019\u00e9trier en 1999 avec une com\u00e9die de Goldoni gr\u00e2ce au th\u00e9\u00e2tre du Rivage , dirig\u00e9 par Pascale Danielle Lacombe( ST Jean de Luz).<\/p>\n<p>En 2007\u00a0\u00a0 elle \u00e9crit un conte historique et fantastique pour les enfants \u00ab\u00a0 La pierre enchant\u00e9e de l\u2019Adour\u00a0\u00bb \u00e9ditions Atlantica.<\/p>\n<p>En 2010 elle se lance dans la transmission orale du conte \u00e0 travers\u00a0 l\u2019association bayonnaise \u00ab\u00a0Et si on racontait\u00a0\u00bb, participe \u00e0 de nombreux stages (notamment aupr\u00e8s de\u00a0\u00a0 P\u00e9pito Mat\u00e9o ,Luigi Rignanese \u2026), fr\u00e9quente assidument le festival des contes en Creuse sur l\u2019\u00eele de Vassivi\u00e8re.<\/p>\n<p>Concomitamment, depuis 2014, jusqu\u2019en 2023, elle a fait partie de l\u2019atelier \u00a0Th\u00e9\u00e2tre du rideau rouge ( Biarritz) o\u00f9 elle joue dans des vaudevilles et com\u00e9dies, notamment \u00ab\u00a0Hibernatus\u00a0\u00bb o\u00f9 elle incarne Edm\u00e9e de Tartas .En 2018 elle y suit \u00e9galement la formation th\u00e9\u00e2trale \u00a0professionnelle classique, dispens\u00e9e par le dramaturge, com\u00e9dien, metteur en sc\u00e8ne G\u00e9rard Bagardie.<\/p>\n<p>Sa rencontre avec Tivoli th\u00e9\u00e2tre est v\u00e9cue comme une belle exp\u00e9rience au service d\u2019un texte profond , acide, percutant et dr\u00f4le de Yasmina R\u00e9za, dont le talent n\u2019est plus \u00e0 prouver.<\/p>\n<p>\u00a0En 2019\/2020 elle y interpr\u00e8te V\u00e9ronique dans\u00a0\u00ab\u00a0Le Dieu du Carnage\u00a0\u00bb.<\/p>\n<p>En 2022, elle cr\u00e9e la compagnie du \u00ab\u00a0Z\u00e8bre bleu\u00a0\u00bb dont la vocation est de promouvoir l\u2019oralit\u00e9 sous toutes ses formes et monte un spectacle alliant contes et chants traditionnels \u00ab\u00a0 d\u00e9s\u2019amours foudres\u00a0\u00bb avec Jean Louis Dubroca.<\/p>\n<p>Actuellement la compagnie du z\u00e8bre bleu travaille sur la pi\u00e8ce \u00ab\u00a0 Adieu M. Haffmann\u00a0\u00bb\u00a0 de Jean- Philippe Daguerre ( pi\u00e8ce aux quatre Moli\u00e8re), sous l\u2019\u0153il averti du metteur en sc\u00e8ne Agn\u00e8s Yobr\u00e9ga ( directrice de la compagnie des petits papiers).<\/p>\n<p>Catherine y interpr\u00e8te le r\u00f4le d\u2019Isabelle.<\/p>\n<\/p>\n<style>\/*! elementor - v3.15.0 - 20-08-2023 *\/<br \/>\n.elementor-widget-image{text-align:center}.elementor-widget-image a{display:inline-block}.elementor-widget-image a img[src$=\".svg\"]{width:48px}.elementor-widget-image img{vertical-align:middle;display:inline-block}<\/style>\n<p>\t\t\t\t\t\t\t\t\t\t\t\t<img loading=\"lazy\" decoding=\"async\" width=\"678\" height=\"487\" src=\"http:\/\/compagnie-zebre-bleu.fr\/wp-content\/uploads\/2023\/09\/Image1-1024x735.jpg\" alt=\"\" loading=\"lazy\" srcset=\"https:\/\/compagnie-zebre-bleu.fr\/wp-content\/uploads\/2023\/09\/Image1-1024x735.jpg 1024w, https:\/\/compagnie-zebre-bleu.fr\/wp-content\/uploads\/2023\/09\/Image1-300x215.jpg 300w, https:\/\/compagnie-zebre-bleu.fr\/wp-content\/uploads\/2023\/09\/Image1-768x551.jpg 768w, https:\/\/compagnie-zebre-bleu.fr\/wp-content\/uploads\/2023\/09\/Image1.jpg 1219w\" sizes=\"auto, (max-width: 678px) 100vw, 678px\" \/>\t\t\t\t\t\t\t\t\t\t\t\t\t\t\t<\/p>\n<p><strong>ALAIN RUSZNIEWSKI<\/strong><\/p>\n<p>Alain Ruszniewski a men\u00e9 de front une longue carri\u00e8re de haut fonctionnaire dans diff\u00e9rentes mairies et un parcours de com\u00e9dien.<\/p>\n<p>Il est form\u00e9 dans le cours d\u2019art dramatique du Rideau Rouge Biarritz, depuis 2007, par G\u00e9rard Bagardie, directeur de la compagnie, auteur, metteur en sc\u00e8ne et ancien de la Classe Sup\u00e9rieure des Conservatoires de Paris (Jean Laurent Cochet).<\/p>\n<p>Au bout d\u2019un an, il int\u00e8gre la troupe et encha\u00eene les pi\u00e8ces. En particulier \u00ab Si Moli\u00e8re m&rsquo;\u00e9tait Cont\u00e9 \u00bb, floril\u00e8ge de sc\u00e8nes, qui lui donne l\u2019occasion de jouer dans un m\u00eame spectacle les grands moment d&rsquo;Arnolphe (L&rsquo;Ecole des Femmes), de Don Juan, de Sylvestre (Les Fourberies de Scapin) et de quelques autres.<\/p>\n<p>C&rsquo;est avec la com\u00e9die satirique \u00ab Ascenseur \u00bb, qu&rsquo;il va conna\u00eetre son plus long succ\u00e8s, avec une trentaine de repr\u00e9sentations dans le sud-ouest et une cons\u00e9cration parisienne.<\/p>\n<h4>CIN\u00c9MA<\/h4>\n<ul>\n<li>\u00ab Une Mouche qui vole \u00bb, court-m\u00e9trage (6 mn) de Thierry Sarraute Denjean, 1er prix au FIFAVA 2011<\/li>\n<\/ul>\n<p><a href=\"https:\/\/youtu.be\/55Dr52ro5P8\">https:\/\/youtu.be\/55Dr52ro5P8<\/a> <\/p>\n<ul>\n<li>Quelques films amateurs, le dernier, en cours de montage (50 mn), dans le r\u00f4le d&rsquo;un inspecteur dans une com\u00e9die (loufoque) se d\u00e9roulant au Pays Basque<\/li>\n<\/ul>\n<h4>TH\u00c9\u00c2TRE<\/h4>\n<p><strong>\u00a0<\/strong>\u00ab Si Moli\u00e8re m&rsquo;\u00e9tait Cont\u00e9 \u00bb G\u00e9rard Bagardie,<\/p>\n<ul>\n<li>\u00ab Messieurs les Guides Baigneurs de Biarritz \u00bb dans le r\u00f4le d\u2019un cur\u00e9 suspect,<\/li>\n<\/ul>\n<ul>\n<li>\u00ab L&rsquo;alouette \u00bb de Jean Annouilh,<\/li>\n<\/ul>\n<ul>\n<li>\u00ab Ascenseur \u00bb, com\u00e9die satirique de G\u00e9rard Bagardie, avec une trentaine de repr\u00e9sentations dans le sud-ouest, et au <strong>Funambule-Montmartre <\/strong>en septembre 2015.<\/li>\n<\/ul>\n<p>\t\t\t\t\t\t\t\t\t\t\t\t\t\t\t<img loading=\"lazy\" decoding=\"async\" width=\"359\" height=\"537\" src=\"http:\/\/compagnie-zebre-bleu.fr\/wp-content\/uploads\/2023\/09\/Alain.jpg\" alt=\"\" loading=\"lazy\" srcset=\"https:\/\/compagnie-zebre-bleu.fr\/wp-content\/uploads\/2023\/09\/Alain.jpg 359w, https:\/\/compagnie-zebre-bleu.fr\/wp-content\/uploads\/2023\/09\/Alain-201x300.jpg 201w\" sizes=\"auto, (max-width: 359px) 100vw, 359px\" \/>\t\t\t\t\t\t\t\t\t\t\t\t\t\t\t<\/p>\n<h4><b>EDDIE SANSANO<\/b><\/h4>\n<h4>N\u00e9 le 3 ao\u00fbt 1956<\/h4>\n<p><strong><u>T\u00e9l\u00e9films et court-m\u00e9trages<\/u><\/strong><\/p>\n<\/p>\n<p>2015 : Court m\u00e9trage de Francis GOMEZ \u00ab Salut l\u2019artisse \u00bb (r\u00f4le d\u2019un critique d\u2019art)<\/p>\n<\/p>\n<p>-Moyen m\u00e9trage de Jean Louis DUBROCA \u00ab PPP \u00bb r\u00f4le de l\u2019agent immobilier.<\/p>\n<\/p>\n<p>2013 : Court m\u00e9trage de Jean Louis DUBROCA (r\u00f4le Albert de Monaco 1899)<\/p>\n<\/p>\n<p>-Court m\u00e9trage \u00a0\u00bb La femme de ma vie\u00a0\u00bb de Thierry SARAUTE (silhouette) 2003 : T\u00e9l\u00e9film TF1 \u00ab\u00a0Le bleu de l&rsquo;oc\u00e9an\u00a0\u00bb de Didier ALBERT (r\u00f4le du marin p\u00eacheur)<\/p>\n<p>T\u00e9l\u00e9film ARTE \u00ab\u00a0Les Vagues\u00a0\u00bb de Fr\u00e9d\u00e9ric CARPENTIER (r\u00f4le du cuisinier) 1994 : Fiction moyen m\u00e9trage \u00a0\u00bb Adrienne &lsquo; de Vincent MERLIN (r\u00f4le du p\u00e8re)<\/p>\n<p>1991 : Divers r\u00f4les pour la section Audiovisuelle de Bayonne du Lyc\u00e9e Cassin : moyen vid\u00e9o<\/p>\n<\/p>\n<p><strong><u>Th\u00e9\u00e2tre<\/u><\/strong><\/p>\n<p><strong>En pr\u00e9paration \u00ab Adieu monsieur Haffman \u00bb r\u00f4le de Pierre.<\/strong><\/p>\n<h6>\u00ab Les taupes \u00bb de G\u00e9rard Bagardie r\u00f4le de Jhon.<\/h6>\n<p><strong>\u00ab Long m\u00e9trage de Jean Louis Dubroca.<\/strong><\/p>\n<\/p>\n<table>\n<tbody>\n<tr>\n<td width=\"41\"><strong>2023<\/strong><\/td>\n<td width=\"457\"><strong>\u00ab Monsieur Badin \u00bb de Georges Courteline r\u00f4le de Mr Badin.<\/strong><\/td>\n<\/tr>\n<tr>\n<td width=\"41\">&nbsp;<\/td>\n<td width=\"457\"><strong>\u00ab Ruy Blas \u00bb sc\u00e8nes de travail en public le Colis\u00e9e Biarritz.<\/strong><\/td>\n<\/tr>\n<tr>\n<td width=\"41\"><strong>2022<\/strong><\/td>\n<td width=\"457\"><strong>\u00ab Comme un poisson rouge \u00bb cr\u00e9ation compagnie du perchoir \u00e0 poissons.<\/strong><\/td>\n<\/tr>\n<tr>\n<td width=\"41\">&nbsp;<\/td>\n<td width=\"457\"><strong>\u00ab Mon Ism\u00e9nie \u00bb Labiche r\u00f4le du p\u00e8re.<\/strong><\/td>\n<\/tr>\n<tr>\n<td width=\"41\"><strong>2021<\/strong><\/td>\n<td width=\"457\"><strong>\u00ab Pop Corne \u00bb de Ben Elton ( r\u00f4le de Bob le r\u00e9alisateur )<\/strong><\/td>\n<\/tr>\n<tr>\n<td width=\"41\"><strong>2020<\/strong><\/td>\n<td width=\"457\"><strong>\u00ab travaille de l\u2019avare et des sc\u00e8nes de Moli\u00e8re.<\/strong><\/td>\n<\/tr>\n<tr>\n<td width=\"41\"><strong>2019<\/strong><\/td>\n<td width=\"457\"><strong>\u00ab Le voyage de monsieur Perrichon \u00bb<\/strong><\/td>\n<\/tr>\n<\/tbody>\n<\/table>\n<h6>2018&nbsp;&nbsp;&nbsp;&nbsp;&nbsp; \u00ab Du vent dans les branches de sassafras \u00bb d\u2019 OBALDIA (r\u00f4le de John Emery Rockefeller) 2017&nbsp;&nbsp;&nbsp;&nbsp;&nbsp;&nbsp;&nbsp;&nbsp;&nbsp;&nbsp;&nbsp;&nbsp;&nbsp;&nbsp; \u00ab Antigone Barbouillet \u00bb cr\u00e9ation de G\u00e9rard BAGARDIE ( r\u00f4le d\u2019un journaliste homo) 2016&nbsp;&nbsp;&nbsp;&nbsp;&nbsp;&nbsp;&nbsp;&nbsp;&nbsp;&nbsp;&nbsp;&nbsp;&nbsp;&nbsp; \u00abDivers r\u00f4les dans : \u00ab Victor Hugo \u00bb \u00ab Moli\u00e8re \u00bb<\/h6>\n<p>2015&nbsp;&nbsp;&nbsp;&nbsp;&nbsp;&nbsp; \u00ab Hibernatus \u00bb de Jean Bernard LUC (r\u00f4le De Tartas)<\/p>\n<p>2014 :&nbsp;&nbsp;&nbsp;&nbsp;&nbsp; \u00ab Divers r\u00f4les de Roland DIBILLARD \u00bb mis en sc\u00e8ne de G\u00e9rard BAGARDIE.<\/p>\n<p>2013 :&nbsp;&nbsp;&nbsp;&nbsp; \u00ab Antigone BARBOUILLET \u00a0\u00bb de G\u00e9rard BAGARDIE&nbsp;&nbsp;&nbsp;&nbsp;&nbsp; (R\u00f4le du G\u00e9n\u00e9ral, du chef de cabinet du ministre et du psychiatre allemand)<\/p>\n<p>2012 :&nbsp;&nbsp;&nbsp;&nbsp; \u00ab Les Guides Baigneurs De Biarritz \u00a0\u00bb de G\u00e9rard BAGARDIE (r\u00f4le du guide baigneur \u00a0\u00bb Chimoun\u00a0\u00bb) 2011 :&nbsp;&nbsp;&nbsp;&nbsp;&nbsp;&nbsp;&nbsp;&nbsp;&nbsp;&nbsp;&nbsp;&nbsp;&nbsp;&nbsp;&nbsp; \u00abSi Moli\u00e8re m&rsquo;\u00e9tait cont\u00e9 \u00a0\u00bb (divers r\u00f4les)<\/p>\n<p>2009 :&nbsp;&nbsp;&nbsp;&nbsp; \u00ab L&rsquo;Affaire Turcaret \u00bb de Alain Ren\u00e9 LESAGE&nbsp;&nbsp;&nbsp;&nbsp;&nbsp; (r\u00f4le du marquis)<\/p>\n<p>2008 :&nbsp;&nbsp;&nbsp;&nbsp; \u00ab Toi et tes nuages \u00bb d &lsquo;Eric WESTPHAL (r\u00f4le du Repr\u00e9sentant de chaussures)<\/p>\n<p>2006 :&nbsp;&nbsp;&nbsp;&nbsp; \u00ab L&rsquo;avenir est dans les \u0153ufs \u00bb et \u00ab Jacques et la soumission \u00bb de IONESCO (r\u00f4le de Robert, r\u00f4le du p\u00e8re) 2005 :&nbsp;&nbsp;&nbsp;&nbsp;&nbsp;&nbsp;&nbsp;&nbsp;&nbsp;&nbsp;&nbsp;&nbsp;&nbsp;&nbsp;&nbsp; \u00ab Haute Tension et R\u00e9sistance \u00bb de Pierre Paul ALAIN (r\u00f4le d&rsquo;un r\u00e9sistant)<\/p>\n<p>2004 :&nbsp;&nbsp;&nbsp;&nbsp; \u00ab Pi\u00e8ge pour un homme seul \u00bb de Robert THOMAS (r\u00f4le du clochard artiste peintre et du commissaire) 2003 :&nbsp;&nbsp;&nbsp;&nbsp;&nbsp;&nbsp;&nbsp;&nbsp;&nbsp;&nbsp;&nbsp;&nbsp;&nbsp;&nbsp;&nbsp; \u00ab On n&rsquo;a rien invent\u00e9 \u00bb de CREATION (r\u00f4le d&rsquo;un metteur en sc\u00e8ne)<\/p>\n<p>2002 :&nbsp;&nbsp;&nbsp;&nbsp; \u00ab Ascenseur \u00bb de G\u00e9rard BAGARDIE (r\u00f4le d&rsquo;un marginal)<\/p>\n<p>2000 :&nbsp;&nbsp;&nbsp;&nbsp; \u00ab L\u00e9onie est en avance \u00bb de Georges FEYDEAU (r\u00f4le de la bonne) 1999 :&nbsp;&nbsp;&nbsp;&nbsp;&nbsp;&nbsp;&nbsp;&nbsp;&nbsp;&nbsp;&nbsp;&nbsp;&nbsp;&nbsp;&nbsp; \u00ab La com\u00e9die de l&rsquo;univers \u00bb Fables de LAFONTAINE<\/p>\n<p>1998 :&nbsp;&nbsp;&nbsp;&nbsp; \u00ab Le mariage de Figaro \u00bb de P. Augustin Caron De BEAUMARCHAIS (r\u00f4le de Figaro)<\/p>\n<p>1997 :&nbsp;&nbsp;&nbsp;&nbsp; \u00ab Demi-Heller le Fou \u00bb de G\u00e9rard BAGARDIE (r\u00f4le d&rsquo;un m\u00e9decin, d&rsquo;un soldat Suisse et d&rsquo;un client d\u2019auberge)<\/p>\n<p>\u00ab Un mot pour un autre \u00bb de Jean TARDIEU (r\u00f4le du Comte) 1996 :&nbsp;&nbsp;&nbsp;&nbsp;&nbsp;&nbsp;&nbsp;&nbsp;&nbsp;&nbsp;&nbsp;&nbsp;&nbsp;&nbsp;&nbsp; \u00ab Ondine et Mohamed \u00bb de G\u00e9rard BAGARDIE (divers r\u00f4les)<\/p>\n<p>1995 :&nbsp;&nbsp;&nbsp;&nbsp; \u00ab Le Commissaire est bonne enfant \u00bb de Georges COURTELINE (R\u00f4le&nbsp;&nbsp;&nbsp;&nbsp; de Breloc) 1994 :&nbsp;&nbsp;&nbsp;&nbsp;&nbsp;&nbsp;&nbsp;&nbsp;&nbsp;&nbsp;&nbsp;&nbsp;&nbsp;&nbsp;&nbsp; \u00ab Sur la Grande Route \u00bb d&rsquo; Anton P. TCHEKOV (r\u00f4le du vagabond)<\/p>\n<p>\u00ab La peur des coups \u00bb de Georges COURTELINE (r\u00f4le du mari) 1993 :&nbsp;&nbsp;&nbsp;&nbsp;&nbsp;&nbsp;&nbsp;&nbsp;&nbsp;&nbsp;&nbsp;&nbsp;&nbsp;&nbsp;&nbsp; \u00ab La Double Inconstance \u00bb de MARIVAUX (r\u00f4le du Prince)<\/p>\n<p>1992 :&nbsp;&nbsp;&nbsp;&nbsp; \u00ab Ondine \u00bb de Jean GIRAUDOUX (R\u00f4le du chevalier Ritter Hans) 1991 :&nbsp;&nbsp;&nbsp;&nbsp;&nbsp;&nbsp;&nbsp;&nbsp;&nbsp;&nbsp;&nbsp;&nbsp;&nbsp;&nbsp;&nbsp; \u00ab On purge b\u00e9b\u00e9 \u00bb de Georges FEYDEAU (R\u00f4le de Monsieur Truchet) 1990 :&nbsp;&nbsp;&nbsp;&nbsp;&nbsp;&nbsp;&nbsp;&nbsp;&nbsp;&nbsp;&nbsp;&nbsp;&nbsp;&nbsp;&nbsp; \u00ab Les Boulingrins \u00bb de Georges COURTELINE (R\u00f4le de Desrillette)<\/p>\n<p>1989 :&nbsp;&nbsp;&nbsp;&nbsp; \u00ab Travail de Stye \u00bb textes de MOLIERE, E.ROSTAND, A.MUSSET, C.CLAUDEL, CORNEILLE, V.HUGO, A.RIMBAUD, R.DUBILLARD<\/p>\n<\/p>\n<p><strong>33 ans \u00e9l\u00e8ve au Rideau Rouge dirig\u00e9 par G\u00e9rard Bagardie<\/strong><\/p>\n<p>\t\t\t\t\t\t\t\t\t\t\t\t\t\t\t<img loading=\"lazy\" decoding=\"async\" width=\"305\" height=\"617\" src=\"http:\/\/compagnie-zebre-bleu.fr\/wp-content\/uploads\/2023\/09\/EDDIE.jpg\" alt=\"\" loading=\"lazy\" srcset=\"https:\/\/compagnie-zebre-bleu.fr\/wp-content\/uploads\/2023\/09\/EDDIE.jpg 305w, https:\/\/compagnie-zebre-bleu.fr\/wp-content\/uploads\/2023\/09\/EDDIE-148x300.jpg 148w\" sizes=\"auto, (max-width: 305px) 100vw, 305px\" \/><\/p>\n\n\n<p><\/p>\n\n\n\n<p><\/p>\n\n\n\n<p><strong>Anne Chevallier<\/strong><\/p>\n\n\n\n<figure class=\"wp-block-image size-large is-resized\"><img fetchpriority=\"high\" decoding=\"async\" width=\"768\" height=\"1024\" src=\"https:\/\/compagnie-zebre-bleu.fr\/wp-content\/uploads\/2025\/12\/IMG_E4827-1-768x1024.jpg\" alt=\"\" class=\"wp-image-945\" style=\"width:319px;height:auto\" srcset=\"https:\/\/compagnie-zebre-bleu.fr\/wp-content\/uploads\/2025\/12\/IMG_E4827-1-768x1024.jpg 768w, https:\/\/compagnie-zebre-bleu.fr\/wp-content\/uploads\/2025\/12\/IMG_E4827-1-225x300.jpg 225w, https:\/\/compagnie-zebre-bleu.fr\/wp-content\/uploads\/2025\/12\/IMG_E4827-1-1152x1536.jpg 1152w, https:\/\/compagnie-zebre-bleu.fr\/wp-content\/uploads\/2025\/12\/IMG_E4827-1-1536x2048.jpg 1536w, https:\/\/compagnie-zebre-bleu.fr\/wp-content\/uploads\/2025\/12\/IMG_E4827-1-scaled.jpg 1920w\" sizes=\"(max-width: 768px) 100vw, 768px\" \/><\/figure>\n\n\n\n<p>Pratique le th\u00e9\u00e2tre et suit des cours d&rsquo;art dramatique professionnel depuis de nombreuses ann\u00e9es (La Tram, le th\u00e9\u00e2tre du Versant, le Rideau rouge et le th\u00e9\u00e2tre des Chim\u00e8res).<\/p>\n\n\n\n<p>Elle s&rsquo;est essay\u00e9e au clown et \u00e0 l&rsquo;improvisation et collabore actuellement avec la troupe du Z\u00e8bre bleu dans \u00ab\u00a0Adieu monsieur Haffmann\u00a0\u00bb.<\/p>\n\n\n\n<p><strong>Robert&nbsp; ROMANIELLO<\/strong><\/p>\n\n\n\n<figure class=\"wp-block-image size-full is-resized\"><img decoding=\"async\" width=\"892\" height=\"913\" src=\"https:\/\/compagnie-zebre-bleu.fr\/wp-content\/uploads\/2025\/12\/bob.jpg\" alt=\"\" class=\"wp-image-946\" style=\"aspect-ratio:0.9770332342610105;width:328px;height:auto\" srcset=\"https:\/\/compagnie-zebre-bleu.fr\/wp-content\/uploads\/2025\/12\/bob.jpg 892w, https:\/\/compagnie-zebre-bleu.fr\/wp-content\/uploads\/2025\/12\/bob-293x300.jpg 293w, https:\/\/compagnie-zebre-bleu.fr\/wp-content\/uploads\/2025\/12\/bob-768x786.jpg 768w\" sizes=\"(max-width: 892px) 100vw, 892px\" \/><\/figure>\n\n\n\n<p>Robert a \u00e9t\u00e9 form\u00e9 \u00e0 l\u2019art du th\u00e9\u00e2tre aux&nbsp; Ateliers du Th\u00e9\u00e2tre des Chim\u00e8res \u00e0 Biarritz de 2009 \u00e0 2015 avec pour professeurs&nbsp;: Herv\u00e9 Est\u00e9b\u00e9t\u00e9guy, Jean-Marie Broucaret, Catherine Mouriec et Guy Labadens.<\/p>\n\n\n\n<p>Depuis 2017, il est com\u00e9dien au sein de la Compagnie Tivoli Th\u00e9\u00e2tre qu&rsquo;il a cr\u00e9\u00e9 avec Florent Poussard et Frank Sanchez. \u00a0Pour cette compagnie, Il a jou\u00e9 dans plusieurs pi\u00e8ces du th\u00e9\u00e2tre contemporain\u00a0:<\/p>\n\n\n\n<p>deux pi\u00e8ces \u00a0de Yasmina Reza : \u00ab\u00a0Art\u00a0\u00bb\u00a0 et \u00ab\u00a0Le Dieu du carnage\u00a0\u00bb<\/p>\n\n\n\n<p>une pi\u00e8ce de Dario Fo et Franca Rame\u00a0: \u00ab\u00a0Couple ouvert \u00e0 deux battants\u00a0\u00bb<\/p>\n\n\n\n<p>une pi\u00e8ce de Nathalie Sarraute\u00a0: \u00ab\u00a0Pour un oui ou pour un non\u00a0\u00bb. \u00a0<\/p>\n\n\n\n<p>Actuellement, il a rejoint la Compagnie du Z\u00e8bre bleu pour jouer un des r\u00f4les principaux de la pi\u00e8ce de Jean-Philippe Daguerre&nbsp;: \u00ab&nbsp;Adieu, Monsieur Haffman&nbsp;\u00bb.<\/p>\n","protected":false},"excerpt":{"rendered":"<p>Catherine Boulanger Tr\u00e8s t\u00f4t attir\u00e9e par le th\u00e9\u00e2tre , d\u00e8s l\u2019\u00e2ge de 16 ans, Catherine s\u2019investit aux \u00ab Chim\u00e8res \u00bb th\u00e9\u00e2tre dirig\u00e9 alors, par J-M Broucaret , joue une premi\u00e8re <a class=\"more-link\" href=\"https:\/\/compagnie-zebre-bleu.fr\/index.php\/les-comediens\/\">Continue Reading &rarr;<\/a><\/p>\n","protected":false},"author":2,"featured_media":0,"parent":0,"menu_order":0,"comment_status":"closed","ping_status":"closed","template":"","meta":{"footnotes":""},"class_list":["post-381","page","type-page","status-publish","hentry"],"_links":{"self":[{"href":"https:\/\/compagnie-zebre-bleu.fr\/index.php\/wp-json\/wp\/v2\/pages\/381","targetHints":{"allow":["GET"]}}],"collection":[{"href":"https:\/\/compagnie-zebre-bleu.fr\/index.php\/wp-json\/wp\/v2\/pages"}],"about":[{"href":"https:\/\/compagnie-zebre-bleu.fr\/index.php\/wp-json\/wp\/v2\/types\/page"}],"author":[{"embeddable":true,"href":"https:\/\/compagnie-zebre-bleu.fr\/index.php\/wp-json\/wp\/v2\/users\/2"}],"replies":[{"embeddable":true,"href":"https:\/\/compagnie-zebre-bleu.fr\/index.php\/wp-json\/wp\/v2\/comments?post=381"}],"version-history":[{"count":26,"href":"https:\/\/compagnie-zebre-bleu.fr\/index.php\/wp-json\/wp\/v2\/pages\/381\/revisions"}],"predecessor-version":[{"id":947,"href":"https:\/\/compagnie-zebre-bleu.fr\/index.php\/wp-json\/wp\/v2\/pages\/381\/revisions\/947"}],"wp:attachment":[{"href":"https:\/\/compagnie-zebre-bleu.fr\/index.php\/wp-json\/wp\/v2\/media?parent=381"}],"curies":[{"name":"wp","href":"https:\/\/api.w.org\/{rel}","templated":true}]}}