{"id":38,"date":"2023-08-28T09:34:46","date_gmt":"2023-08-28T07:34:46","guid":{"rendered":"https:\/\/compagnie-zebre-bleu.fr\/?page_id=38"},"modified":"2025-12-30T12:37:51","modified_gmt":"2025-12-30T11:37:51","slug":"qui-sommes-nous","status":"publish","type":"page","link":"https:\/\/compagnie-zebre-bleu.fr\/index.php\/qui-sommes-nous\/","title":{"rendered":"Qui sommes nous ?"},"content":{"rendered":"<p>La compagnie du Z\u00e8bre bleu\u00a0 c&rsquo;est:<\/p>\n<p>&#8211;<strong>une troupe de th\u00e9\u00e2tre <\/strong>, rassemblant actuellement 5 com\u00e9diens, en cr\u00e9ation, supervis\u00e9s par Agn\u00e8s Yobr\u00e9ga, metteur en sc\u00e8ne . 1 r\u00e9gisseur et d\u00e9corateur\u00a0Guy Boulanger. 1 couturi\u00e8re Catherine Delaporte.<\/p>\n<p><strong>-une conteuse<\/strong>, Cathy Boulanger.<\/p>\n<p>Eddie Sansano\u00a0 et Cathy Boulanger , colis\u00e9e 2017 pour le Rideau Rouge, dans Antigone D\u00e9barbouillet de G. Bagardie .<\/p>\n<style>\/*! elementor - v3.15.0 - 20-08-2023 *\/<br \/>\n.elementor-widget-image{text-align:center}.elementor-widget-image a{display:inline-block}.elementor-widget-image a img[src$=\".svg\"]{width:48px}.elementor-widget-image img{vertical-align:middle;display:inline-block}<\/style>\n<p><img fetchpriority=\"high\" decoding=\"async\" src=\"http:\/\/compagnie-zebre-bleu.fr\/wp-content\/uploads\/2023\/09\/DSC01256-1024x683.jpg\" sizes=\"(max-width: 678px) 100vw, 678px\" srcset=\"https:\/\/compagnie-zebre-bleu.fr\/wp-content\/uploads\/2023\/09\/DSC01256-1024x683.jpg 1024w, https:\/\/compagnie-zebre-bleu.fr\/wp-content\/uploads\/2023\/09\/DSC01256-300x200.jpg 300w, https:\/\/compagnie-zebre-bleu.fr\/wp-content\/uploads\/2023\/09\/DSC01256-768x512.jpg 768w\" alt=\"\" width=\"678\" height=\"452\" \/><\/p>\n","protected":false},"excerpt":{"rendered":"<p>La compagnie du Z\u00e8bre bleu\u00a0 c&rsquo;est: &#8211;une troupe de th\u00e9\u00e2tre , rassemblant actuellement 5 com\u00e9diens, en cr\u00e9ation, supervis\u00e9s par Agn\u00e8s Yobr\u00e9ga, metteur en sc\u00e8ne . 1 r\u00e9gisseur et d\u00e9corateur\u00a0Guy Boulanger. <a class=\"more-link\" href=\"https:\/\/compagnie-zebre-bleu.fr\/index.php\/qui-sommes-nous\/\">Continue Reading &rarr;<\/a><\/p>\n","protected":false},"author":2,"featured_media":0,"parent":0,"menu_order":2,"comment_status":"closed","ping_status":"closed","template":"","meta":{"footnotes":""},"class_list":["post-38","page","type-page","status-publish","hentry"],"_links":{"self":[{"href":"https:\/\/compagnie-zebre-bleu.fr\/index.php\/wp-json\/wp\/v2\/pages\/38","targetHints":{"allow":["GET"]}}],"collection":[{"href":"https:\/\/compagnie-zebre-bleu.fr\/index.php\/wp-json\/wp\/v2\/pages"}],"about":[{"href":"https:\/\/compagnie-zebre-bleu.fr\/index.php\/wp-json\/wp\/v2\/types\/page"}],"author":[{"embeddable":true,"href":"https:\/\/compagnie-zebre-bleu.fr\/index.php\/wp-json\/wp\/v2\/users\/2"}],"replies":[{"embeddable":true,"href":"https:\/\/compagnie-zebre-bleu.fr\/index.php\/wp-json\/wp\/v2\/comments?post=38"}],"version-history":[{"count":44,"href":"https:\/\/compagnie-zebre-bleu.fr\/index.php\/wp-json\/wp\/v2\/pages\/38\/revisions"}],"predecessor-version":[{"id":951,"href":"https:\/\/compagnie-zebre-bleu.fr\/index.php\/wp-json\/wp\/v2\/pages\/38\/revisions\/951"}],"wp:attachment":[{"href":"https:\/\/compagnie-zebre-bleu.fr\/index.php\/wp-json\/wp\/v2\/media?parent=38"}],"curies":[{"name":"wp","href":"https:\/\/api.w.org\/{rel}","templated":true}]}}